{"id":42,"date":"2023-06-23T03:54:33","date_gmt":"2023-06-23T03:54:33","guid":{"rendered":"https:\/\/wphix.com\/wp\/portx\/?page_id=42"},"modified":"2025-01-05T23:16:09","modified_gmt":"2025-01-05T23:16:09","slug":"services-2","status":"publish","type":"page","link":"https:\/\/bensaltrans.com\/index.php\/services-2\/","title":{"rendered":"Services"},"content":{"rendered":"\t\t<div data-elementor-type=\"wp-page\" data-elementor-id=\"42\" class=\"elementor elementor-42\">\n\t\t\t\t\t\t<section class=\"elementor-section elementor-top-section elementor-element elementor-element-1b2f55cd1 elementor-section-boxed elementor-section-height-default elementor-section-height-default wpr-particle-no wpr-jarallax-no wpr-parallax-no wpr-sticky-section-no wpr-equal-height-no\" data-id=\"1b2f55cd1\" data-element_type=\"section\" data-e-type=\"section\">\n\t\t\t\t\t\t<div class=\"elementor-container elementor-column-gap-default\">\n\t\t\t\t\t<div class=\"elementor-column elementor-col-100 elementor-top-column elementor-element elementor-element-48485cab\" data-id=\"48485cab\" data-element_type=\"column\" data-e-type=\"column\">\n\t\t\t<div class=\"elementor-widget-wrap elementor-element-populated\">\n\t\t\t\t\t\t<div class=\"elementor-element elementor-element-12caaf56 elementor-widget elementor-widget-heading\" data-id=\"12caaf56\" data-element_type=\"widget\" data-e-type=\"widget\" data-widget_type=\"heading.default\">\n\t\t\t\t<div class=\"elementor-widget-container\">\n\t\t\t\t\t<h2 class=\"elementor-heading-title elementor-size-default\">Nos Services<\/h2>\t\t\t\t<\/div>\n\t\t\t\t<\/div>\n\t\t\t\t\t<\/div>\n\t\t<\/div>\n\t\t\t\t\t<\/div>\n\t\t<\/section>\n\t\t\t\t<section class=\"elementor-section elementor-top-section elementor-element elementor-element-62e59e3c1 elementor-section-boxed elementor-section-height-default elementor-section-height-default wpr-particle-no wpr-jarallax-no wpr-parallax-no wpr-sticky-section-no wpr-equal-height-no\" data-id=\"62e59e3c1\" data-element_type=\"section\" data-e-type=\"section\">\n\t\t\t\t\t\t<div class=\"elementor-container elementor-column-gap-default\">\n\t\t\t\t\t<div class=\"elementor-column elementor-col-100 elementor-top-column elementor-element elementor-element-8e5079\" data-id=\"8e5079\" data-element_type=\"column\" data-e-type=\"column\">\n\t\t\t<div class=\"elementor-widget-wrap elementor-element-populated\">\n\t\t\t\t\t\t<div class=\"elementor-element elementor-element-139dbd33 elementor-widget elementor-widget-heading\" data-id=\"139dbd33\" data-element_type=\"widget\" data-e-type=\"widget\" data-widget_type=\"heading.default\">\n\t\t\t\t<div class=\"elementor-widget-container\">\n\t\t\t\t\t<h2 class=\"elementor-heading-title elementor-size-default\">Nous mettons \u00e0 votre disposition une gamme de\u00a0solutions\u00a0de Transport International Au Maroc compl\u00e8tes et vari\u00e9es.<\/h2>\t\t\t\t<\/div>\n\t\t\t\t<\/div>\n\t\t\t\t<section class=\"elementor-section elementor-inner-section elementor-element elementor-element-236cada7 elementor-section-boxed elementor-section-height-default elementor-section-height-default wpr-particle-no wpr-jarallax-no wpr-parallax-no wpr-sticky-section-no wpr-equal-height-no\" data-id=\"236cada7\" data-element_type=\"section\" data-e-type=\"section\">\n\t\t\t\t\t\t<div class=\"elementor-container elementor-column-gap-default\">\n\t\t\t\t\t<div class=\"elementor-column elementor-col-50 elementor-inner-column elementor-element elementor-element-1c7b04a2\" data-id=\"1c7b04a2\" data-element_type=\"column\" data-e-type=\"column\">\n\t\t\t<div class=\"elementor-widget-wrap elementor-element-populated\">\n\t\t\t\t\t\t<div class=\"elementor-element elementor-element-3ad34cba elementor-view-stacked elementor-shape-circle elementor-position-block-start elementor-mobile-position-block-start elementor-widget elementor-widget-icon-box\" data-id=\"3ad34cba\" data-element_type=\"widget\" data-e-type=\"widget\" data-widget_type=\"icon-box.default\">\n\t\t\t\t<div class=\"elementor-widget-container\">\n\t\t\t\t\t\t\t<div class=\"elementor-icon-box-wrapper\">\n\n\t\t\t\t\t\t<div class=\"elementor-icon-box-icon\">\n\t\t\t\t<span  class=\"elementor-icon\">\n\t\t\t\t<i aria-hidden=\"true\" class=\"tp flaticon-van\"><\/i>\t\t\t\t<\/span>\n\t\t\t<\/div>\n\t\t\t\n\t\t\t\t\t\t<div class=\"elementor-icon-box-content\">\n\n\t\t\t\t\t\t\t\t\t<h3 class=\"elementor-icon-box-title\">\n\t\t\t\t\t\t<span  >\n\t\t\t\t\t\t\tTransport International\t\t\t\t\t\t<\/span>\n\t\t\t\t\t<\/h3>\n\t\t\t\t\n\t\t\t\t\t\t\t\t\t<p class=\"elementor-icon-box-description\">\n\t\t\t\t\t\t<br>Nous proposons des solutions de transport international entre le Maroc, l'Espagne et le Royaume-Uni. Notre flotte diversifi\u00e9e permet de r\u00e9pondre \u00e0 tous les besoins de nos clients, qu'il s'agisse de petites ou de grandes exp\u00e9ditions. Nous offrons :<br><br>\n\nTransport de petite taille : Camions T3 et T4 pour des livraisons de petite taille et urgentes.<br>\nExp\u00e9ditions en vrac : Grandes remorques Mega B\u00e2ch\u00e9es pour le transport de cargaisons en vrac ou de grande taille.<br>\nNous garantissons un transport s\u00fbr et ponctuel, qu'il s'agisse de petites ou de grandes cargaisons, avec un accent particulier sur l'efficacit\u00e9 et la fiabilit\u00e9.\t\t\t\t\t<\/p>\n\t\t\t\t\n\t\t\t<\/div>\n\t\t\t\n\t\t<\/div>\n\t\t\t\t\t\t<\/div>\n\t\t\t\t<\/div>\n\t\t\t\t\t<\/div>\n\t\t<\/div>\n\t\t\t\t<div class=\"elementor-column elementor-col-50 elementor-inner-column elementor-element elementor-element-17292561\" data-id=\"17292561\" data-element_type=\"column\" data-e-type=\"column\">\n\t\t\t<div class=\"elementor-widget-wrap elementor-element-populated\">\n\t\t\t\t\t\t<div class=\"elementor-element elementor-element-14ffa7ae elementor-view-stacked elementor-shape-circle elementor-position-block-start elementor-mobile-position-block-start elementor-widget elementor-widget-icon-box\" data-id=\"14ffa7ae\" data-element_type=\"widget\" data-e-type=\"widget\" data-widget_type=\"icon-box.default\">\n\t\t\t\t<div class=\"elementor-widget-container\">\n\t\t\t\t\t\t\t<div class=\"elementor-icon-box-wrapper\">\n\n\t\t\t\t\t\t<div class=\"elementor-icon-box-icon\">\n\t\t\t\t<span  class=\"elementor-icon\">\n\t\t\t\t<i aria-hidden=\"true\" class=\"tp flaticon-warehouse-1\"><\/i>\t\t\t\t<\/span>\n\t\t\t<\/div>\n\t\t\t\n\t\t\t\t\t\t<div class=\"elementor-icon-box-content\">\n\n\t\t\t\t\t\t\t\t\t<h3 class=\"elementor-icon-box-title\">\n\t\t\t\t\t\t<span  >\n\t\t\t\t\t\t\tSolutions de Stockage\t\t\t\t\t\t<\/span>\n\t\t\t\t\t<\/h3>\n\t\t\t\t\n\t\t\t\t\t\t\t\t\t<p class=\"elementor-icon-box-description\">\n\t\t\t\t\t\t<br>Nous proposons \u00e9galement des services de stockage s\u00e9curis\u00e9 dans deux emplacements strat\u00e9giques :<br><br>\n\nTanger, Maroc : Situ\u00e9 \u00e0 Mellousa, \u00e0 seulement 11 km de la Tangier Automotive City, ce site est id\u00e9al pour les exp\u00e9ditions vers et depuis le Maroc, avec un acc\u00e8s direct aux principaux ports et autoroutes.<br>\nAlgeciras, Espagne : Ce site est un point cl\u00e9 pour les exp\u00e9ditions vers l'Europe et le Royaume-Uni, b\u00e9n\u00e9ficiant d'un acc\u00e8s facile au port d'Algeciras, une porte d'entr\u00e9e majeure pour le commerce international.<br><br>\nLes deux sites sont \u00e9quip\u00e9s pour assurer un stockage s\u00fbr et efficace de vos marchandises, offrant ainsi flexibilit\u00e9 et s\u00e9curit\u00e9 accrues, tout en facilitant le transbordement entre diff\u00e9rents modes de transport.\t\t\t\t\t<\/p>\n\t\t\t\t\n\t\t\t<\/div>\n\t\t\t\n\t\t<\/div>\n\t\t\t\t\t\t<\/div>\n\t\t\t\t<\/div>\n\t\t\t\t\t<\/div>\n\t\t<\/div>\n\t\t\t\t\t<\/div>\n\t\t<\/section>\n\t\t\t\t\t<\/div>\n\t\t<\/div>\n\t\t\t\t\t<\/div>\n\t\t<\/section>\n\t\t\t\t<section class=\"elementor-section elementor-top-section elementor-element elementor-element-26659af elementor-section-full_width elementor-section-height-default elementor-section-height-default wpr-particle-no wpr-jarallax-no wpr-parallax-no wpr-sticky-section-no wpr-equal-height-no\" data-id=\"26659af\" data-element_type=\"section\" data-e-type=\"section\">\n\t\t\t\t\t\t<div class=\"elementor-container elementor-column-gap-no\">\n\t\t\t\t\t<div class=\"elementor-column elementor-col-100 elementor-top-column elementor-element elementor-element-31f5663\" data-id=\"31f5663\" data-element_type=\"column\" data-e-type=\"column\">\n\t\t\t<div class=\"elementor-widget-wrap elementor-element-populated\">\n\t\t\t\t\t\t<div class=\"elementor-element elementor-element-1823d56 elementor-widget elementor-widget-tp-cta\" data-id=\"1823d56\" data-element_type=\"widget\" data-e-type=\"widget\" data-widget_type=\"tp-cta.default\">\n\t\t\t\t<div class=\"elementor-widget-container\">\n\t\t\t\t\t\r\n\r\n\r\n   <div class=\"cta-area-2 theme-color-2 pt-60 pb-60 p-relative fix\">\r\n      <div class=\"tp-cta__lg-circel\">\r\n         <img decoding=\"async\" src=\"https:\/\/bensaltrans.com\/wp-content\/themes\/portx\/assets\/img\/blog\/lg-circel.png\" alt=\"\">\r\n      <\/div>\r\n      <div class=\"tp-cta__sm-circel\">\r\n         <img decoding=\"async\" src=\"https:\/\/bensaltrans.com\/wp-content\/themes\/portx\/assets\/img\/blog\/circel.png\" alt=\"\">\r\n      <\/div>\r\n      <div class=\"tp-cta__shap-3 wow slideInLeft   \">\r\n         <img decoding=\"async\" src=\"https:\/\/bensaltrans.com\/wp-content\/themes\/portx\/assets\/img\/cta\/cta-shap-3.png\" alt=\"\">\r\n      <\/div>\r\n      <div class=\"container\">\r\n         <div class=\"row align-items-center\">\r\n            <div class=\"col-xl-9 col-lg-8\">\r\n               <div class=\"tp-cta-2\">\r\n                  <div class=\"tp-cta__content wow fadeInUp   text-center text-lg-start\" data-wow-duration=\".9s\"\r\n                     data-wow-delay=\".5s\">\r\n                           <h2 class=\"tp-cta-title-2\">Nous sommes la meilleure agence de transport for  donner le meilleur service de qualit\u00e9<\/h2>                  <\/div>\r\n               <\/div>\r\n            <\/div>\r\n                        <div class=\"col-xl-3 col-lg-4\">\r\n               <div class=\"tp-cta-2__btn text-center text-lg-start pt-20\">\r\n                  <div class=\"tp-cta-2__btn wow fadeInUp  \" data-wow-duration=\".9s\" data-wow-delay=\".7s\">\r\n                    <a href=\"https:\/\/bensaltrans.com\/index.php\/estimate\/\" target=\"_self\" rel=\"nofollow\" class=\"tp-btn-white\">DEMANDER UN DEVIS<\/a>\r\n                  <\/div>\r\n               <\/div>\r\n            <\/div>\r\n                     <\/div>\r\n      <\/div>\r\n   <\/div>\r\n\r\n\r\n\t\t\t\t<\/div>\n\t\t\t\t<\/div>\n\t\t\t\t\t<\/div>\n\t\t<\/div>\n\t\t\t\t\t<\/div>\n\t\t<\/section>\n\t\t\t\t<\/div>\n\t\t","protected":false},"excerpt":{"rendered":"<p>Nos Services Nous mettons \u00e0 votre disposition une gamme de\u00a0solutions\u00a0de Transport International Au Maroc compl\u00e8tes et vari\u00e9es. Transport International Nous proposons des solutions de transport international entre le Maroc, l&rsquo;Espagne et le Royaume-Uni. Notre flotte diversifi\u00e9e permet de r\u00e9pondre \u00e0 tous les besoins de nos clients, qu&rsquo;il s&rsquo;agisse de petites ou de grandes exp\u00e9ditions. Nous offrons : Transport de petite taille : Camions T3 et T4 pour des livraisons de petite taille et urgentes. Exp\u00e9ditions en vrac : Grandes remorques Mega B\u00e2ch\u00e9es pour le transport de cargaisons en vrac ou de grande taille. Nous garantissons un transport s\u00fbr et ponctuel, qu&rsquo;il s&rsquo;agisse de petites ou de grandes cargaisons, avec un accent particulier sur l&rsquo;efficacit\u00e9 et la fiabilit\u00e9. Solutions de Stockage Nous proposons \u00e9galement des services de stockage s\u00e9curis\u00e9 dans deux emplacements strat\u00e9giques : Tanger, Maroc : Situ\u00e9 \u00e0 Mellousa, \u00e0 seulement 11 km de la Tangier Automotive City, ce site est id\u00e9al pour les exp\u00e9ditions vers et depuis le Maroc, avec un acc\u00e8s direct aux principaux ports et autoroutes. Algeciras, Espagne : Ce site est un point cl\u00e9 pour les exp\u00e9ditions vers l&rsquo;Europe et le Royaume-Uni, b\u00e9n\u00e9ficiant d&rsquo;un acc\u00e8s facile au port d&rsquo;Algeciras, une porte d&rsquo;entr\u00e9e majeure pour le commerce international. Les deux sites sont \u00e9quip\u00e9s pour assurer un stockage s\u00fbr et efficace de vos marchandises, offrant ainsi flexibilit\u00e9 et s\u00e9curit\u00e9 accrues, tout en facilitant le transbordement entre diff\u00e9rents modes de transport. Nous sommes la meilleure agence de transport for donner le meilleur service de qualit\u00e9 DEMANDER UN DEVIS<\/p>\n","protected":false},"author":1,"featured_media":0,"parent":0,"menu_order":0,"comment_status":"closed","ping_status":"closed","template":"elementor_header_footer","meta":{"footnotes":""},"class_list":["post-42","page","type-page","status-publish","hentry"],"_links":{"self":[{"href":"https:\/\/bensaltrans.com\/index.php\/wp-json\/wp\/v2\/pages\/42","targetHints":{"allow":["GET"]}}],"collection":[{"href":"https:\/\/bensaltrans.com\/index.php\/wp-json\/wp\/v2\/pages"}],"about":[{"href":"https:\/\/bensaltrans.com\/index.php\/wp-json\/wp\/v2\/types\/page"}],"author":[{"embeddable":true,"href":"https:\/\/bensaltrans.com\/index.php\/wp-json\/wp\/v2\/users\/1"}],"replies":[{"embeddable":true,"href":"https:\/\/bensaltrans.com\/index.php\/wp-json\/wp\/v2\/comments?post=42"}],"version-history":[{"count":5,"href":"https:\/\/bensaltrans.com\/index.php\/wp-json\/wp\/v2\/pages\/42\/revisions"}],"predecessor-version":[{"id":1361,"href":"https:\/\/bensaltrans.com\/index.php\/wp-json\/wp\/v2\/pages\/42\/revisions\/1361"}],"wp:attachment":[{"href":"https:\/\/bensaltrans.com\/index.php\/wp-json\/wp\/v2\/media?parent=42"}],"curies":[{"name":"wp","href":"https:\/\/api.w.org\/{rel}","templated":true}]}}