{"id":25,"date":"2023-06-23T03:48:07","date_gmt":"2023-06-23T03:48:07","guid":{"rendered":"https:\/\/wphix.com\/wp\/portx\/?page_id=25"},"modified":"2025-01-05T21:56:24","modified_gmt":"2025-01-05T21:56:24","slug":"a-propos-de-nous","status":"publish","type":"page","link":"https:\/\/bensaltrans.com\/index.php\/a-propos-de-nous\/","title":{"rendered":"\u00c0 propos de nous"},"content":{"rendered":"\t\t<div data-elementor-type=\"wp-page\" data-elementor-id=\"25\" class=\"elementor elementor-25\">\n\t\t\t\t\t\t<section class=\"elementor-section elementor-top-section elementor-element elementor-element-e666a0c elementor-section-full_width elementor-section-height-default elementor-section-height-default wpr-particle-no wpr-jarallax-no wpr-parallax-no wpr-sticky-section-no wpr-equal-height-no\" data-id=\"e666a0c\" data-element_type=\"section\" data-e-type=\"section\">\n\t\t\t\t\t\t<div class=\"elementor-container elementor-column-gap-no\">\n\t\t\t\t\t<div class=\"elementor-column elementor-col-100 elementor-top-column elementor-element elementor-element-ee99a58\" data-id=\"ee99a58\" data-element_type=\"column\" data-e-type=\"column\">\n\t\t\t<div class=\"elementor-widget-wrap elementor-element-populated\">\n\t\t\t\t\t\t<div class=\"elementor-element elementor-element-cf1f258 elementor-widget elementor-widget-about\" data-id=\"cf1f258\" data-element_type=\"widget\" data-e-type=\"widget\" data-widget_type=\"about.default\">\n\t\t\t\t<div class=\"elementor-widget-container\">\n\t\t\t\t\t\r\n\r\n<div class=\"tpabout_area pt-120 pb-120\">\r\n    <div class=\"container\">\r\n        <div class=\"row\">\r\n            <div class=\"col-xl-6 col-lg-6 col-md-12 col-12 wow fadeInLeft  \" data-wow-duration=\".9s\"\r\n            data-wow-delay=\".5s\">\r\n                <div class=\"tpabout__section-title z-index  pb-40 \">\r\n                                        <div class=\"tp-section__subtitle mb-15 p-relative\">Qui Sommes-Nous ?<\/div>\r\n                                        <h2 class=\"tp-section__title mb-40\">BENSAL TRANS SARL <\/h2>                                        <span>Solutions Logistiques pour le Transport International et Transport Express.<\/span>\r\n                                                            <p>BENSAL TRANS SARL est une soci\u00e9t\u00e9 de logistique sp\u00e9cialis\u00e9e dans les services de transport international et express et les solutions de stockage et de transbordement s\u00e9curis\u00e9es. Nous proposons des solutions logistiques fiables, efficaces et rentables pour le transport de marchandises entre le Maroc, l'Europe et le Royaume-Uni. Nos services s'adressent aussi bien aux entreprises qu'aux particuliers, garantissant que vos biens arrivent \u00e0 destination en toute s\u00e9curit\u00e9 et dans les d\u00e9lais impartis.<\/p>\r\n                                    <\/div>\r\n                <div class=\"tpabout__progress-bar mb-50 fix\">\r\n                                        <span>Transport International<\/span>\r\n                                                            <div class=\"tpabout__bar\">\r\n                        <div class=\"tpabout__bar-item\">\r\n                            <div class=\"tpabout__bar-progress\">\r\n                            <div class=\"progress\">\r\n                                <div class=\"progress-bar wow slideInLeft\" data-wow-delay=\"0s\" data-wow-duration=\".8s\"\r\n                                    role=\"progressbar\" data-width=\"99%\" aria-valuenow=\"99\" aria-valuemin=\"0\"\r\n                                    aria-valuemax=\"100\"\r\n                                    style=\"width: 99%; visibility: visible; animation-duration: 0.8s; animation-delay: 0s; animation-name: slideInLeft;\">\r\n                                    <span>99%<\/span>\r\n                                <\/div>\r\n                            <\/div>\r\n                            <\/div>\r\n                        <\/div>\r\n                    <\/div>\r\n                                    <\/div>\r\n                <div class=\"tpabout__btn-box\">\r\n                                        <a href=\"https:\/\/bensaltrans.com\/index.php\/contact-2\/\" target=\"_self\" rel=\"nofollow\" class=\"thm-btn mr-30\">Contactez Nous <\/a>\r\n                                                            <span>\r\n                                                <a href=\"\">direction@bensaltrans.com<\/a>\r\n                                            <\/span>\r\n                                    <\/div>\r\n\r\n            <\/div>\r\n            <div class=\"col-xl-6 col-lg-6 col-md-12 col-12 wow fadeInRight  \" data-wow-duration=\".9s\" data-wow-delay=\".5s\">\r\n                <div class=\"tpabout__thumb-shape-2 p-relative\"\r\n                    data-parallax=\"{&quot;y&quot;: 100, &quot;smoothness&quot;: 100}\"\r\n                    style=\"transform:translate3d(0px, 36.768px, 0px) rotateX(0deg) rotateY(0deg) rotateZ(0deg) scaleX(1) scaleY(1) scaleZ(1); -webkit-transform:translate3d(0px, 36.768px, 0px) rotateX(0deg) rotateY(0deg) rotateZ(0deg) scaleX(1) scaleY(1) scaleZ(1); \">\r\n                                                        <\/div>\r\n                <div class=\"tpabout__wrap text-end p-relative\">\r\n                                        <div class=\"tpabout__lg-img \">\r\n                        <img decoding=\"async\" src=\"https:\/\/bensaltrans.com\/wp-content\/uploads\/2025\/01\/about-is.png\" alt=\"\">\r\n                    <\/div>\r\n                                                        <\/div>\r\n            <\/div>\r\n        <\/div>\r\n    <\/div>\r\n<\/div>\r\n\r\n\t\t\t\t<\/div>\n\t\t\t\t<\/div>\n\t\t\t\t\t<\/div>\n\t\t<\/div>\n\t\t\t\t\t<\/div>\n\t\t<\/section>\n\t\t\t\t<section class=\"elementor-section elementor-top-section elementor-element elementor-element-ba78865 elementor-section-full_width elementor-section-height-default elementor-section-height-default wpr-particle-no wpr-jarallax-no wpr-parallax-no wpr-sticky-section-no wpr-equal-height-no\" data-id=\"ba78865\" data-element_type=\"section\" data-e-type=\"section\">\n\t\t\t\t\t\t<div class=\"elementor-container elementor-column-gap-no\">\n\t\t\t\t\t<div class=\"elementor-column elementor-col-100 elementor-top-column elementor-element elementor-element-9b32809\" data-id=\"9b32809\" data-element_type=\"column\" data-e-type=\"column\">\n\t\t\t<div class=\"elementor-widget-wrap elementor-element-populated\">\n\t\t\t\t\t\t<section class=\"elementor-section elementor-inner-section elementor-element elementor-element-aa86bd1 elementor-section-boxed elementor-section-height-default elementor-section-height-default wpr-particle-no wpr-jarallax-no wpr-parallax-no wpr-sticky-section-no wpr-equal-height-no\" data-id=\"aa86bd1\" data-element_type=\"section\" data-e-type=\"section\">\n\t\t\t\t\t\t<div class=\"elementor-container elementor-column-gap-default\">\n\t\t\t\t\t<div class=\"elementor-column elementor-col-100 elementor-inner-column elementor-element elementor-element-bc25991\" data-id=\"bc25991\" data-element_type=\"column\" data-e-type=\"column\">\n\t\t\t<div class=\"elementor-widget-wrap elementor-element-populated\">\n\t\t\t\t\t\t<div class=\"elementor-element elementor-element-e235d7e elementor-widget elementor-widget-tp-heading\" data-id=\"e235d7e\" data-element_type=\"widget\" data-e-type=\"widget\" data-widget_type=\"tp-heading.default\">\n\t\t\t\t<div class=\"elementor-widget-container\">\n\t\t\t\t\t\r\n\r\n\t<div class=\"section-titcon-area ele-content-align\">\r\n\t\t<div class=\"tp-section__subtitle tp-section__subtitle-before mb-15 p-relative\">BENSAL TRANS<\/div>\r\n\t\t<h2 class=\"tp-section__title mb-10\">Nos Valeurs<\/h2>\t<\/div>\r\n\r\n\t\t\t\t<\/div>\n\t\t\t\t<\/div>\n\t\t\t\t\t<\/div>\n\t\t<\/div>\n\t\t\t\t\t<\/div>\n\t\t<\/section>\n\t\t\t\t<section class=\"elementor-section elementor-inner-section elementor-element elementor-element-ee096f6 elementor-section-boxed elementor-section-height-default elementor-section-height-default wpr-particle-no wpr-jarallax-no wpr-parallax-no wpr-sticky-section-no wpr-equal-height-no\" data-id=\"ee096f6\" data-element_type=\"section\" data-e-type=\"section\">\n\t\t\t\t\t\t<div class=\"elementor-container elementor-column-gap-default\">\n\t\t\t\t\t<div class=\"elementor-column elementor-col-100 elementor-inner-column elementor-element elementor-element-28c6ce4\" data-id=\"28c6ce4\" data-element_type=\"column\" data-e-type=\"column\">\n\t\t\t<div class=\"elementor-widget-wrap elementor-element-populated\">\n\t\t\t\t\t\t<div class=\"elementor-element elementor-element-a14db4c elementor-widget elementor-widget-tp-fact\" data-id=\"a14db4c\" data-element_type=\"widget\" data-e-type=\"widget\" data-widget_type=\"tp-fact.default\">\n\t\t\t\t<div class=\"elementor-widget-container\">\n\t\t\t\t\t\r\n\r\n    <div class=\"challenges-area pt-10 pb-10 tp-el-section\">\r\n        <div class=\"container\">\r\n            <div class=\"row gx-0 \">\r\n\r\n                                <div class=\"col-xl-3 col-lg-6 col-md-6 col-12 p-0\">\r\n                    <div class=\"tp-challenges__item text-center tp-challenges__item-last-none\">\r\n\r\n                                                                                <div class=\"tp-challenges__icon p-relative mb-30\">\r\n                                <i aria-hidden=\"true\" class=\"fal fa-users\"><\/i>                            <\/div>\r\n                                                    \r\n                        <div class=\"tp-challenges__number p-relative\">\r\n                                                                                    <span>Responsabilit\u00e9<\/span>\r\n                                                    <\/div>\r\n                    <\/div>\r\n                <\/div>\r\n                                <div class=\"col-xl-3 col-lg-6 col-md-6 col-12 p-0\">\r\n                    <div class=\"tp-challenges__item text-center tp-challenges__item-last-none\">\r\n\r\n                                                                                <div class=\"tp-challenges__icon p-relative mb-30\">\r\n                                <i aria-hidden=\"true\" class=\"tp flaticon-handshake\"><\/i>                            <\/div>\r\n                                                    \r\n                        <div class=\"tp-challenges__number p-relative\">\r\n                                                                                    <span>Int\u00e9grit\u00e9<\/span>\r\n                                                    <\/div>\r\n                    <\/div>\r\n                <\/div>\r\n                                <div class=\"col-xl-3 col-lg-6 col-md-6 col-12 p-0\">\r\n                    <div class=\"tp-challenges__item text-center tp-challenges__item-last-none\">\r\n\r\n                                                                                <div class=\"tp-challenges__icon p-relative mb-30\">\r\n                                <i aria-hidden=\"true\" class=\"tp flaticon-badge\"><\/i>                            <\/div>\r\n                                                    \r\n                        <div class=\"tp-challenges__number p-relative\">\r\n                                                                                    <span>Implication<\/span>\r\n                                                    <\/div>\r\n                    <\/div>\r\n                <\/div>\r\n                                <div class=\"col-xl-3 col-lg-6 col-md-6 col-12 p-0\">\r\n                    <div class=\"tp-challenges__item text-center tp-challenges__item-last-none\">\r\n\r\n                                                                                <div class=\"tp-challenges__icon p-relative mb-30\">\r\n                                <i aria-hidden=\"true\" class=\"tp flaticon-check-mark-black-outline\"><\/i>                            <\/div>\r\n                                                    \r\n                        <div class=\"tp-challenges__number p-relative\">\r\n                                                                                    <span>Qualit\u00e9<\/span>\r\n                                                    <\/div>\r\n                    <\/div>\r\n                <\/div>\r\n                                \r\n            <\/div>\r\n        <\/div>\r\n    <\/div>\r\n\r\n\t\t\t\t<\/div>\n\t\t\t\t<\/div>\n\t\t\t\t\t<\/div>\n\t\t<\/div>\n\t\t\t\t\t<\/div>\n\t\t<\/section>\n\t\t\t\t\t<\/div>\n\t\t<\/div>\n\t\t\t\t\t<\/div>\n\t\t<\/section>\n\t\t\t\t<section class=\"elementor-section elementor-top-section elementor-element elementor-element-3d6945c elementor-section-full_width elementor-section-height-default elementor-section-height-default wpr-particle-no wpr-jarallax-no wpr-parallax-no wpr-sticky-section-no wpr-equal-height-no\" data-id=\"3d6945c\" data-element_type=\"section\" data-e-type=\"section\">\n\t\t\t\t\t\t<div class=\"elementor-container elementor-column-gap-no\">\n\t\t\t\t\t<div class=\"elementor-column elementor-col-100 elementor-top-column elementor-element elementor-element-03dbbb4\" data-id=\"03dbbb4\" data-element_type=\"column\" data-e-type=\"column\">\n\t\t\t<div class=\"elementor-widget-wrap elementor-element-populated\">\n\t\t\t\t\t\t<div class=\"elementor-element elementor-element-501938d elementor-widget elementor-widget-about\" data-id=\"501938d\" data-element_type=\"widget\" data-e-type=\"widget\" data-widget_type=\"about.default\">\n\t\t\t\t<div class=\"elementor-widget-container\">\n\t\t\t\t\t\r\n\r\n<div class=\"about-area tp-el-section\">\r\n    <div class=\"tp-about__wrap pt-110 pb-60\">\r\n        <div class=\"container\">\r\n            <div class=\"row align-items-start\">\r\n                <div class=\"col-xxl-6 col-xl-6 col-lg-6 col-md-12 col-12 wow fadeInLeft \"\r\n                    data-wow-duration=\".9s\" data-wow-delay=\".5s\">\r\n                    <div class=\"tp-about__content\">\r\n                        \r\n                                                    <div class=\"tp-section__subtitle tp-section__subtitle-before mb-15 p-relative\">POURQUOI NOUS CHOISIR<\/div>\r\n                                                <h2 class=\"tp-section__title mb-30\">Nous cr\u00e9ons une opportunit\u00e9 pour atteindre notre potentiel<\/h2>                                                <p class=\"mb-35\">BENSAL TRANS est une soci\u00e9t\u00e9 distingu\u00e9e de gestion de la cha\u00eene d'approvisionnement qui propose des solutions compl\u00e8tes pour l'entreposage, le transport et fournit une multitude de services logistiques.<\/p>\r\n                                                <div class=\"tp-about__list mb-50\">\r\n\r\n                                                        <div class=\"tp-about__travel d-flex align-items-center mb-20\">\r\n                                                                                                        <div class=\"tp-about__icon mr-20\">\r\n                                        <i aria-hidden=\"true\" class=\"tp flaticon-timing\"><\/i>                                    <\/div>\r\n                                                                    \r\n                                                                <div class=\"tp-about__text\">\r\n                                    <span>Livraison \u00e0 temps<\/span>\r\n                                <\/div>\r\n                                 \r\n                            <\/div>\r\n                                                        <div class=\"tp-about__travel d-flex align-items-center \">\r\n                                                                                                        <div class=\"tp-about__icon mr-20\">\r\n                                        <i aria-hidden=\"true\" class=\"tp flaticon-shield\"><\/i>                                    <\/div>\r\n                                                                    \r\n                                                                <div class=\"tp-about__text\">\r\n                                    <span>S\u00fbr et fiable.<\/span>\r\n                                <\/div>\r\n                                 \r\n                            <\/div>\r\n                            \r\n                        <\/div>\r\n\r\n                                                <div class=\"tp-about__btn-box\">\r\n                            <a href=\"https:\/\/bensaltrans.com\/index.php\/contact-2\/\" target=\"_self\" rel=\"nofollow\" class=\"about-two__btn thm-btn\">CONTACTEZ NOUS<\/a>\r\n                        <\/div>\r\n                        \r\n                    <\/div>\r\n                <\/div>\r\n                <div class=\"col-xxl-6 col-xl-6 col-lg-6 col-md-12 col-12 wow fadeInRight\" data-wow-duration=\".9s\" data-wow-delay=\".5s\">\r\n                    <div class=\"tp-about__right-img p-relative text-end\">\r\n\r\n                                                <div class=\"tp-about__lg-img ml-40\">\r\n                            <img decoding=\"async\" class=\"w-100\" src=\"https:\/\/bensaltrans.com\/wp-content\/uploads\/2025\/01\/camion-bensal-3.jpg\" alt=\"\">\r\n                        <\/div>\r\n                        \r\n                                                <div class=\"tp-about__sm-img\">\r\n                            <img decoding=\"async\" class=\"w-100\" src=\"https:\/\/bensaltrans.com\/wp-content\/uploads\/2024\/12\/truck-tractor-DAF-XF-480-FT-LOW-DECK-KOGEL-1734365948864100520_common-24121618081382308200.jpg\" alt=\"\">\r\n                        <\/div>\r\n                        \r\n                    <\/div>\r\n                <\/div>\r\n            <\/div>\r\n        <\/div>\r\n    <\/div>\r\n<\/div>\r\n\r\n\r\n\t\t\t\t<\/div>\n\t\t\t\t<\/div>\n\t\t\t\t\t<\/div>\n\t\t<\/div>\n\t\t\t\t\t<\/div>\n\t\t<\/section>\n\t\t\t\t<section class=\"elementor-section elementor-top-section elementor-element elementor-element-a59c12f elementor-section-full_width elementor-section-height-default elementor-section-height-default wpr-particle-no wpr-jarallax-no wpr-parallax-no wpr-sticky-section-no wpr-equal-height-no\" data-id=\"a59c12f\" data-element_type=\"section\" data-e-type=\"section\">\n\t\t\t\t\t\t<div class=\"elementor-container elementor-column-gap-no\">\n\t\t\t\t\t<div class=\"elementor-column elementor-col-100 elementor-top-column elementor-element elementor-element-fa6af60\" data-id=\"fa6af60\" data-element_type=\"column\" data-e-type=\"column\">\n\t\t\t<div class=\"elementor-widget-wrap elementor-element-populated\">\n\t\t\t\t\t\t<div class=\"elementor-element elementor-element-cd9b9d2 elementor-widget elementor-widget-tp-cta\" data-id=\"cd9b9d2\" data-element_type=\"widget\" data-e-type=\"widget\" data-widget_type=\"tp-cta.default\">\n\t\t\t\t<div class=\"elementor-widget-container\">\n\t\t\t\t\t\r\n\r\n\r\n   <div class=\"cta-area-2 theme-color-2 pt-60 pb-60 p-relative fix\">\r\n      <div class=\"tp-cta__lg-circel\">\r\n         <img decoding=\"async\" src=\"https:\/\/bensaltrans.com\/wp-content\/themes\/portx\/assets\/img\/blog\/lg-circel.png\" alt=\"\">\r\n      <\/div>\r\n      <div class=\"tp-cta__sm-circel\">\r\n         <img decoding=\"async\" src=\"https:\/\/bensaltrans.com\/wp-content\/themes\/portx\/assets\/img\/blog\/circel.png\" alt=\"\">\r\n      <\/div>\r\n      <div class=\"tp-cta__shap-3 wow slideInLeft   \">\r\n         <img decoding=\"async\" src=\"https:\/\/bensaltrans.com\/wp-content\/themes\/portx\/assets\/img\/cta\/cta-shap-3.png\" alt=\"\">\r\n      <\/div>\r\n      <div class=\"container\">\r\n         <div class=\"row align-items-center\">\r\n            <div class=\"col-xl-9 col-lg-8\">\r\n               <div class=\"tp-cta-2\">\r\n                  <div class=\"tp-cta__content wow fadeInUp   text-center text-lg-start\" data-wow-duration=\".9s\"\r\n                     data-wow-delay=\".5s\">\r\n                           <h2 class=\"tp-cta-title-2\">Nous sommes la meilleure agence de transport pour  donner le meilleur service de qualit\u00e9<\/h2>                  <\/div>\r\n               <\/div>\r\n            <\/div>\r\n                        <div class=\"col-xl-3 col-lg-4\">\r\n               <div class=\"tp-cta-2__btn text-center text-lg-start pt-20\">\r\n                  <div class=\"tp-cta-2__btn wow fadeInUp  \" data-wow-duration=\".9s\" data-wow-delay=\".7s\">\r\n                    <a href=\"https:\/\/bensaltrans.com\/index.php\/estimate\/\" target=\"_self\" rel=\"nofollow\" class=\"tp-btn-white\">DEMANDER UN DEVIS<\/a>\r\n                  <\/div>\r\n               <\/div>\r\n            <\/div>\r\n                     <\/div>\r\n      <\/div>\r\n   <\/div>\r\n\r\n\r\n\t\t\t\t<\/div>\n\t\t\t\t<\/div>\n\t\t\t\t\t<\/div>\n\t\t<\/div>\n\t\t\t\t\t<\/div>\n\t\t<\/section>\n\t\t\t\t<\/div>\n\t\t","protected":false},"excerpt":{"rendered":"<p>Qui Sommes-Nous ? BENSAL TRANS SARL Solutions Logistiques pour le Transport International et Transport Express. BENSAL TRANS SARL est une soci\u00e9t\u00e9 de logistique sp\u00e9cialis\u00e9e dans les services de transport international et express et les solutions de stockage et de transbordement s\u00e9curis\u00e9es. Nous proposons des solutions logistiques fiables, efficaces et rentables pour le transport de marchandises entre le Maroc, l&rsquo;Europe et le Royaume-Uni. Nos services s&rsquo;adressent aussi bien aux entreprises qu&rsquo;aux particuliers, garantissant que vos biens arrivent \u00e0 destination en toute s\u00e9curit\u00e9 et dans les d\u00e9lais impartis. Transport International 99% Contactez Nous direction@bensaltrans.com BENSAL TRANS Nos Valeurs Responsabilit\u00e9 Int\u00e9grit\u00e9 Implication Qualit\u00e9 POURQUOI NOUS CHOISIR Nous cr\u00e9ons une opportunit\u00e9 pour atteindre notre potentiel BENSAL TRANS est une soci\u00e9t\u00e9 distingu\u00e9e de gestion de la cha\u00eene d&rsquo;approvisionnement qui propose des solutions compl\u00e8tes pour l&rsquo;entreposage, le transport et fournit une multitude de services logistiques. Livraison \u00e0 temps S\u00fbr et fiable. CONTACTEZ NOUS Nous sommes la meilleure agence de transport pour donner le meilleur service de qualit\u00e9 DEMANDER UN DEVIS<\/p>\n","protected":false},"author":1,"featured_media":0,"parent":0,"menu_order":0,"comment_status":"closed","ping_status":"closed","template":"elementor_header_footer","meta":{"footnotes":""},"class_list":["post-25","page","type-page","status-publish","hentry"],"_links":{"self":[{"href":"https:\/\/bensaltrans.com\/index.php\/wp-json\/wp\/v2\/pages\/25","targetHints":{"allow":["GET"]}}],"collection":[{"href":"https:\/\/bensaltrans.com\/index.php\/wp-json\/wp\/v2\/pages"}],"about":[{"href":"https:\/\/bensaltrans.com\/index.php\/wp-json\/wp\/v2\/types\/page"}],"author":[{"embeddable":true,"href":"https:\/\/bensaltrans.com\/index.php\/wp-json\/wp\/v2\/users\/1"}],"replies":[{"embeddable":true,"href":"https:\/\/bensaltrans.com\/index.php\/wp-json\/wp\/v2\/comments?post=25"}],"version-history":[{"count":11,"href":"https:\/\/bensaltrans.com\/index.php\/wp-json\/wp\/v2\/pages\/25\/revisions"}],"predecessor-version":[{"id":1351,"href":"https:\/\/bensaltrans.com\/index.php\/wp-json\/wp\/v2\/pages\/25\/revisions\/1351"}],"wp:attachment":[{"href":"https:\/\/bensaltrans.com\/index.php\/wp-json\/wp\/v2\/media?parent=25"}],"curies":[{"name":"wp","href":"https:\/\/api.w.org\/{rel}","templated":true}]}}