{"id":1173,"date":"2023-06-23T03:48:40","date_gmt":"2023-06-23T03:48:40","guid":{"rendered":"https:\/\/wphix.com\/wp\/portx\/?page_id=29"},"modified":"2025-01-05T23:47:55","modified_gmt":"2025-01-05T23:47:55","slug":"faq","status":"publish","type":"page","link":"https:\/\/bensaltrans.com\/index.php\/faq\/","title":{"rendered":"Faq"},"content":{"rendered":"\t\t<div data-elementor-type=\"wp-page\" data-elementor-id=\"1173\" class=\"elementor elementor-1173\">\n\t\t\t\t\t\t<section class=\"elementor-section elementor-top-section elementor-element elementor-element-9d33902 elementor-section-boxed elementor-section-height-default elementor-section-height-default wpr-particle-no wpr-jarallax-no wpr-parallax-no wpr-sticky-section-no wpr-equal-height-no\" data-id=\"9d33902\" data-element_type=\"section\" data-e-type=\"section\">\n\t\t\t\t\t\t<div class=\"elementor-container elementor-column-gap-default\">\n\t\t\t\t\t<div class=\"elementor-column elementor-col-50 elementor-top-column elementor-element elementor-element-a3a996f\" data-id=\"a3a996f\" data-element_type=\"column\" data-e-type=\"column\">\n\t\t\t<div class=\"elementor-widget-wrap elementor-element-populated\">\n\t\t\t\t\t\t<div class=\"elementor-element elementor-element-f59ec5b elementor-widget elementor-widget-tp-contact-form\" data-id=\"f59ec5b\" data-element_type=\"widget\" data-e-type=\"widget\" data-widget_type=\"tp-contact-form.default\">\n\t\t\t\t<div class=\"elementor-widget-container\">\n\t\t\t\t\t\r\n\t\t\t\r\n        \r\n        <div class=\"tp-faq-form mb-40\">\r\n            <div class=\"tp-faq-comment-form\">\r\n                                <h2 class=\"tp-faq-comment-form-title\">Poser une question<\/h2>                                                \n<div class=\"wpcf7 no-js\" id=\"wpcf7-f831-o1\" lang=\"en-US\" dir=\"ltr\" data-wpcf7-id=\"831\">\n<div class=\"screen-reader-response\"><p role=\"status\" aria-live=\"polite\" aria-atomic=\"true\"><\/p> <ul><\/ul><\/div>\n<form action=\"\/index.php\/wp-json\/wp\/v2\/pages\/1173#wpcf7-f831-o1\" method=\"post\" class=\"wpcf7-form init\" aria-label=\"Contact form\" novalidate=\"novalidate\" data-status=\"init\">\n<fieldset class=\"hidden-fields-container\"><input type=\"hidden\" name=\"_wpcf7\" value=\"831\" \/><input type=\"hidden\" name=\"_wpcf7_version\" value=\"6.1.5\" \/><input type=\"hidden\" name=\"_wpcf7_locale\" value=\"en_US\" \/><input type=\"hidden\" name=\"_wpcf7_unit_tag\" value=\"wpcf7-f831-o1\" \/><input type=\"hidden\" name=\"_wpcf7_container_post\" value=\"0\" \/><input type=\"hidden\" name=\"_wpcf7_posted_data_hash\" value=\"\" \/>\n<\/fieldset>\n<div class=\"row\">\n   <div class=\"col-xxl-12 col-xl-12 col-lg-12\">\n      <div class=\"tp-faq-comment-input\">\n         <span class=\"wpcf7-form-control-wrap\" data-name=\"text-769\"><input size=\"40\" maxlength=\"400\" class=\"wpcf7-form-control wpcf7-text\" aria-invalid=\"false\" placeholder=\"Votre nom complet\" value=\"\" type=\"text\" name=\"text-769\" \/><\/span>\n      <\/div>\n   <\/div>\n   <div class=\"col-xxl-12 col-xl-12 col-lg-12\">\n      <div class=\"tp-faq-comment-input\">\n         <span class=\"wpcf7-form-control-wrap\" data-name=\"text-769\"><input size=\"40\" maxlength=\"400\" class=\"wpcf7-form-control wpcf7-text\" aria-invalid=\"false\" placeholder=\"Email Addresse\" value=\"\" type=\"text\" name=\"text-769\" \/><\/span>\n      <\/div>\n   <\/div>\n   <div class=\"col-xxl-12\">\n      <div class=\"tp-faq-comment-input mb-55\">\n         <span class=\"wpcf7-form-control-wrap\" data-name=\"textarea-317\"><textarea cols=\"40\" rows=\"10\" maxlength=\"2000\" class=\"wpcf7-form-control wpcf7-textarea\" aria-invalid=\"false\" placeholder=\"Description\" name=\"textarea-317\"><\/textarea><\/span>\n      <\/div>\n   <\/div>\n   <div class=\"col-xxl-12\">\n      <div class=\"tp-faq-comment-btn\">\n         <button type=\"submit\" class=\"tp-btn\">Envoyer une question <i class=\"fa-sharp fa-regular fa-arrow-right\"><\/i><\/button>\n      <\/div>\n   <\/div>\n<\/div><div class=\"wpcf7-response-output\" aria-hidden=\"true\"><\/div>\n<\/form>\n<\/div>\n                \t\r\n            <\/div>\r\n        <\/div>\r\n\r\n\t\t\t\t\t\t<\/div>\n\t\t\t\t<\/div>\n\t\t\t\t\t<\/div>\n\t\t<\/div>\n\t\t\t\t<div class=\"elementor-column elementor-col-50 elementor-top-column elementor-element elementor-element-53a9d97\" data-id=\"53a9d97\" data-element_type=\"column\" data-e-type=\"column\">\n\t\t\t<div class=\"elementor-widget-wrap elementor-element-populated\">\n\t\t\t\t\t\t<div class=\"elementor-element elementor-element-01e8c1d elementor-widget elementor-widget-tp-heading\" data-id=\"01e8c1d\" data-element_type=\"widget\" data-e-type=\"widget\" data-widget_type=\"tp-heading.default\">\n\t\t\t\t<div class=\"elementor-widget-container\">\n\t\t\t\t\t\r\n\r\n\t<div class=\"section-titcon-area ele-content-align\">\r\n\t\t<h2 class=\"tp-section__title mb-10\">Question g\u00e9n\u00e9rale<\/h2>\t<\/div>\r\n\r\n\t\t\t\t<\/div>\n\t\t\t\t<\/div>\n\t\t\t\t<div class=\"elementor-element elementor-element-ec802b2 elementor-widget elementor-widget-tp-faq\" data-id=\"ec802b2\" data-element_type=\"widget\" data-e-type=\"widget\" data-widget_type=\"tp-faq.default\">\n\t\t\t\t<div class=\"elementor-widget-container\">\n\t\t\t\t\t\r\n\r\n\r\n<div class=\"tp-faq-area mb-40\">\r\n\t<div class=\"container\">\r\n\t\t<div class=\"row\">\r\n\t\t\t<div class=\"tp-custom-accordion\">\r\n\t\t\t\t<div class=\"accordion\" id=\"accordionExample-ec802b2\">\r\n\r\n\t\t\t\t\t                        <div class=\"accordion-items tp-faq-active\">\r\n                           <h2 class=\"accordion-header\" id=\"headingOne-0\">\r\n                              <button class=\"accordion-buttons \" type=\"button\" data-bs-toggle=\"collapse\"\r\n                                 data-bs-target=\"#collapseOne-0\" aria-expanded=\"true\" aria-controls=\"collapseOne-0\">\r\n\t\t\t\t\t\t\t\t Nous offres                              <\/button>\r\n                           <\/h2>\r\n                           <div id=\"collapseOne-0\" class=\"accordion-collapse collapse show\" aria-labelledby=\"headingOne-0\"\r\n                              data-bs-parent=\"#accordionExample-ec802b2\">\r\n                              <div class=\"accordion-body\">\r\n\t\t\t\t\t\t\t  Nous offrons des solutions logistiques fiables et efficaces pour le transport de marchandises entre le Maroc, l'Europe et l'Angleterre.                              <\/div>\r\n                           <\/div>\r\n                        <\/div>\r\n                                                <div class=\"accordion-items \">\r\n                           <h2 class=\"accordion-header\" id=\"headingOne-1\">\r\n                              <button class=\"accordion-buttons collapsed\" type=\"button\" data-bs-toggle=\"collapse\"\r\n                                 data-bs-target=\"#collapseOne-1\" aria-expanded=\"false\" aria-controls=\"collapseOne-1\">\r\n\t\t\t\t\t\t\t\t Notre gamme de services                              <\/button>\r\n                           <\/h2>\r\n                           <div id=\"collapseOne-1\" class=\"accordion-collapse collapse \" aria-labelledby=\"headingOne-1\"\r\n                              data-bs-parent=\"#accordionExample-ec802b2\">\r\n                              <div class=\"accordion-body\">\r\n\t\t\t\t\t\t\t  Nous proposons une gamme de services flexibles, adapt\u00e9s aux besoins sp\u00e9cifiques des entreprises et des particuliers, en nous assurant que vos biens arrivent \u00e0 destination en toute s\u00e9curit\u00e9 et dans les d\u00e9lais impartis.                              <\/div>\r\n                           <\/div>\r\n                        <\/div>\r\n                                                <div class=\"accordion-items \">\r\n                           <h2 class=\"accordion-header\" id=\"headingOne-2\">\r\n                              <button class=\"accordion-buttons collapsed\" type=\"button\" data-bs-toggle=\"collapse\"\r\n                                 data-bs-target=\"#collapseOne-2\" aria-expanded=\"false\" aria-controls=\"collapseOne-2\">\r\n\t\t\t\t\t\t\t\t Solutions de Stockage                              <\/button>\r\n                           <\/h2>\r\n                           <div id=\"collapseOne-2\" class=\"accordion-collapse collapse \" aria-labelledby=\"headingOne-2\"\r\n                              data-bs-parent=\"#accordionExample-ec802b2\">\r\n                              <div class=\"accordion-body\">\r\n\t\t\t\t\t\t\t  Nous offrons \u00e9galement des services de stockage s\u00e9curis\u00e9 dans deux emplacements cl\u00e9s :\n\nTanger, Maroc : Id\u00e9alement situ\u00e9 pour desservir les exp\u00e9ditions vers et depuis le Maroc situe a Mellousa 11KM proche de Tangier Automotive City .\nAlgeciras, Espagne : Un hub strat\u00e9gique pour les envois vers l'Europe et le Royaume-Uni.                              <\/div>\r\n                           <\/div>\r\n                        <\/div>\r\n                                                <div class=\"accordion-items \">\r\n                           <h2 class=\"accordion-header\" id=\"headingOne-3\">\r\n                              <button class=\"accordion-buttons collapsed\" type=\"button\" data-bs-toggle=\"collapse\"\r\n                                 data-bs-target=\"#collapseOne-3\" aria-expanded=\"false\" aria-controls=\"collapseOne-3\">\r\n\t\t\t\t\t\t\t\t Nouvelle Branche                              <\/button>\r\n                           <\/h2>\r\n                           <div id=\"collapseOne-3\" class=\"accordion-collapse collapse \" aria-labelledby=\"headingOne-3\"\r\n                              data-bs-parent=\"#accordionExample-ec802b2\">\r\n                              <div class=\"accordion-body\">\r\n\t\t\t\t\t\t\t  Nous avons le plaisir de vous informer qu'une nouvelle branche de notre soci\u00e9t\u00e9 sera op\u00e9rationnelle \u00e0 Malaga, Espagne d'ici mars 2025. Cette expansion nous permettra de mieux r\u00e9pondre aux besoins croissants du march\u00e9, en offrant des solutions logistiques suppl\u00e9mentaires.                              <\/div>\r\n                           <\/div>\r\n                        <\/div>\r\n                        \r\n\t\t\t\t<\/div>\r\n\t\t\t<\/div>\r\n\t\t<\/div>\r\n\t<\/div>\r\n<\/div>\r\n\r\n\r\n\t\t\t\t<\/div>\n\t\t\t\t<\/div>\n\t\t\t\t\t<\/div>\n\t\t<\/div>\n\t\t\t\t\t<\/div>\n\t\t<\/section>\n\t\t\t\t<section class=\"elementor-section elementor-top-section elementor-element elementor-element-e0c3b9e elementor-section-full_width elementor-section-height-default elementor-section-height-default wpr-particle-no wpr-jarallax-no wpr-parallax-no wpr-sticky-section-no wpr-equal-height-no\" data-id=\"e0c3b9e\" data-element_type=\"section\" data-e-type=\"section\">\n\t\t\t\t\t\t<div class=\"elementor-container elementor-column-gap-no\">\n\t\t\t\t\t<div class=\"elementor-column elementor-col-100 elementor-top-column elementor-element elementor-element-8c54248\" data-id=\"8c54248\" data-element_type=\"column\" data-e-type=\"column\">\n\t\t\t<div class=\"elementor-widget-wrap elementor-element-populated\">\n\t\t\t\t\t\t<div class=\"elementor-element elementor-element-187cace elementor-widget elementor-widget-tp-cta\" data-id=\"187cace\" data-element_type=\"widget\" data-e-type=\"widget\" data-widget_type=\"tp-cta.default\">\n\t\t\t\t<div class=\"elementor-widget-container\">\n\t\t\t\t\t\r\n\r\n\r\n   <div class=\"cta-area-2 theme-color-2 pt-60 pb-60 p-relative fix\">\r\n      <div class=\"tp-cta__lg-circel\">\r\n         <img decoding=\"async\" src=\"https:\/\/bensaltrans.com\/wp-content\/themes\/portx\/assets\/img\/blog\/lg-circel.png\" alt=\"\">\r\n      <\/div>\r\n      <div class=\"tp-cta__sm-circel\">\r\n         <img decoding=\"async\" src=\"https:\/\/bensaltrans.com\/wp-content\/themes\/portx\/assets\/img\/blog\/circel.png\" alt=\"\">\r\n      <\/div>\r\n      <div class=\"tp-cta__shap-3 wow slideInLeft   \">\r\n         <img decoding=\"async\" src=\"https:\/\/bensaltrans.com\/wp-content\/themes\/portx\/assets\/img\/cta\/cta-shap-3.png\" alt=\"\">\r\n      <\/div>\r\n      <div class=\"container\">\r\n         <div class=\"row align-items-center\">\r\n            <div class=\"col-xl-9 col-lg-8\">\r\n               <div class=\"tp-cta-2\">\r\n                  <div class=\"tp-cta__content wow fadeInUp   text-center text-lg-start\" data-wow-duration=\".9s\"\r\n                     data-wow-delay=\".5s\">\r\n                           <h2 class=\"tp-cta-title-2\">Nous sommes la meilleure agence de transport pour offrir un service de la meilleure qualit\u00e9<\/h2>                  <\/div>\r\n               <\/div>\r\n            <\/div>\r\n                        <div class=\"col-xl-3 col-lg-4\">\r\n               <div class=\"tp-cta-2__btn text-center text-lg-start pt-20\">\r\n                  <div class=\"tp-cta-2__btn wow fadeInUp  \" data-wow-duration=\".9s\" data-wow-delay=\".7s\">\r\n                    <a href=\"https:\/\/bensaltrans.com\/index.php\/estimate\/\" target=\"_self\" rel=\"nofollow\" class=\"tp-btn-white\">DEMANDER UN DEVIS<\/a>\r\n                  <\/div>\r\n               <\/div>\r\n            <\/div>\r\n                     <\/div>\r\n      <\/div>\r\n   <\/div>\r\n\r\n\r\n\t\t\t\t<\/div>\n\t\t\t\t<\/div>\n\t\t\t\t\t<\/div>\n\t\t<\/div>\n\t\t\t\t\t<\/div>\n\t\t<\/section>\n\t\t\t\t<\/div>\n\t\t","protected":false},"excerpt":{"rendered":"<p>Poser une question Envoyer une question Question g\u00e9n\u00e9rale Nous offres Nous offrons des solutions logistiques fiables et efficaces pour le transport de marchandises entre le Maroc, l\u2019Europe et l\u2019Angleterre. Notre gamme de services Nous proposons une gamme de services flexibles, adapt\u00e9s aux besoins sp\u00e9cifiques des entreprises et des particuliers, en nous assurant que vos biens arrivent \u00e0 destination en toute s\u00e9curit\u00e9 et dans les d\u00e9lais impartis. Solutions de Stockage Nous offrons \u00e9galement des services de stockage s\u00e9curis\u00e9 dans deux emplacements cl\u00e9s : Tanger, Maroc : Id\u00e9alement situ\u00e9 pour desservir les exp\u00e9ditions vers et depuis le Maroc situe a Mellousa 11KM proche de Tangier Automotive City . Algeciras, Espagne : Un hub strat\u00e9gique pour les envois vers l\u2019Europe et le Royaume-Uni. Nouvelle Branche Nous avons le plaisir de vous informer qu\u2019une nouvelle branche de notre soci\u00e9t\u00e9 sera op\u00e9rationnelle \u00e0 Malaga, Espagne d\u2019ici mars 2025. Cette expansion nous permettra de mieux r\u00e9pondre aux besoins croissants du march\u00e9, en offrant des solutions logistiques suppl\u00e9mentaires. Nous sommes la meilleure agence de transport pour offrir un service de la meilleure qualit\u00e9 DEMANDER UN DEVIS<\/p>\n","protected":false},"author":1,"featured_media":0,"parent":0,"menu_order":0,"comment_status":"closed","ping_status":"closed","template":"elementor_header_footer","meta":{"footnotes":""},"class_list":["post-1173","page","type-page","status-publish","hentry"],"_links":{"self":[{"href":"https:\/\/bensaltrans.com\/index.php\/wp-json\/wp\/v2\/pages\/1173","targetHints":{"allow":["GET"]}}],"collection":[{"href":"https:\/\/bensaltrans.com\/index.php\/wp-json\/wp\/v2\/pages"}],"about":[{"href":"https:\/\/bensaltrans.com\/index.php\/wp-json\/wp\/v2\/types\/page"}],"author":[{"embeddable":true,"href":"https:\/\/bensaltrans.com\/index.php\/wp-json\/wp\/v2\/users\/1"}],"replies":[{"embeddable":true,"href":"https:\/\/bensaltrans.com\/index.php\/wp-json\/wp\/v2\/comments?post=1173"}],"version-history":[{"count":3,"href":"https:\/\/bensaltrans.com\/index.php\/wp-json\/wp\/v2\/pages\/1173\/revisions"}],"predecessor-version":[{"id":1378,"href":"https:\/\/bensaltrans.com\/index.php\/wp-json\/wp\/v2\/pages\/1173\/revisions\/1378"}],"wp:attachment":[{"href":"https:\/\/bensaltrans.com\/index.php\/wp-json\/wp\/v2\/media?parent=1173"}],"curies":[{"name":"wp","href":"https:\/\/api.w.org\/{rel}","templated":true}]}}